{"id":22378,"date":"2024-09-24T14:51:40","date_gmt":"2024-09-24T14:51:40","guid":{"rendered":"https:\/\/gaitgames.com\/?page_id=22378"},"modified":"2024-09-24T14:51:40","modified_gmt":"2024-09-24T14:51:40","slug":"politica-de-confidentialitate","status":"publish","type":"page","link":"https:\/\/gaitgames.com\/?page_id=22378","title":{"rendered":"Politica de confiden\u021bialitate"},"content":{"rendered":"\n<p>In baza prevederilor Regulamentului nr. 679\/2016 privind protec\u021bia persoanelor fizice \u00een ceea ce prive\u0219te prelucrarea datelor cu caracter personal \u0219i privind libera circula\u021bie a acestor date (GDPR), Prezenta Politica de confidentialitate vizeaza numai clientii&nbsp;gaitgames.com&nbsp;\u015fi utilizatorii serviciilor noastre online, respectiv vizitatorii website-ului nostru.&nbsp;gaitgames.com&nbsp;depune eforturi pentru a asigura protectia confidentialitatii datelor Dumneavoastra personale in calitate de persoana vizata atunci c\u00e2nd utilizati serviciile noastre. In acest sens, prin prezenta politica stabilim atat modul in care datele Dumneavoastra cu caracter personal vor fi procesate, drepturile pe care le aveti ca si persoana vizata dar si modul in care acestea vor fi protejate. Orice modificari efectuate in cadrul prezentei Politici de confidentialitate pot fi gasite daca vizitati website-ul nostru.<\/p>\n\n\n\n<p>gaitgames.com&nbsp;se aliniaza prevederilor Regulamentului nr. 679\/2016 privind protec\u021bia persoanelor fizice \u00een ceea ce prive\u0219te prelucrarea datelor cu caracter personal \u0219i privind libera circula\u021bie a acestor date (GDPR) si prin prezenta Politica generala de Confidentialitate vom puncta cateva aspecte importante.<\/p>\n\n\n\n<ol class=\"wp-block-list\">\n<li>Scopul utilizarii datelor cu caracter personal in calitate de persoana vizata<\/li>\n<\/ol>\n\n\n\n<p>Prin furnizarea datelor Dumneavoastra cu caracter personal, in calitate de&nbsp;persoana vizata va exprimati acordul expres si neechivoc&nbsp;cu privire la utilizarea de catre&nbsp;gaitgames.com&nbsp;a datelor colectate in urmatoarele&nbsp;scopuri:<\/p>\n\n\n\n<p>Pentru a prelua&nbsp;reclamatiile&nbsp;si\/sau&nbsp;sugestiile&nbsp;dumneavoastra si pentru a va raspunde in mod corespunzator, caz in care ne vor fi necesare, spre exemplu, numele, numarul de telefon fix\/mobil, adresa de e-mail;<\/p>\n\n\n\n<p>Pentru a va prelua&nbsp;solicitarile online&nbsp;transmise prin intermediul formularului pus la dispozitie pe site-ul &nbsp;http:\/\/www.gaitgames.com&nbsp;caz in care ne vor fi necesare, spre exemplu, numele, numarul de telefon fix\/mobil, adresa;<\/p>\n\n\n\n<p>Pentru a va contacta in eventualitatea oricaror probleme ivite in&nbsp;prestarea serviciilor, caz in care ne va fi necesar, spre exemplu, numarul Dumneavoastra de telefon fix\/mobil;<\/p>\n\n\n\n<p>Pentru&nbsp;procesul de recrutare&nbsp;atunci cand aplicati online pentru una din pozitiile deschise spre ocupare, caz in care ne va fi necesar numele, numarul de telefon fix\/mobil, adresa de e-mail. Aplicarea la un job\/recrutare. Atunci c\u00e2nd aplica\u021bi pentru un job \u00een cadrul&nbsp;gaitgames.com&nbsp;datele personale vor fi procesate \u0219i controlate de c\u0103tre&nbsp;gaitgames.com&nbsp;si vor fi folosite numai in scopul recrutarii (interviu, comunicari ce au legatura cu procesul de recrutare). Datele cu caracter personal ce sunt folosite in procesul de recrutare nu vor fi stocate pentru o perioad\u0103 mai mare de timp dec\u00e2t cea necesar\u0103 recrutarii \u0219i nu vor fi divulgate persoanelor ter\u021be. Dac\u0103 aplican\u021bii\/candidatii doresc s\u0103 acceseze, s\u0103 modifice sau s\u0103 \u0219tearg\u0103 datele personale dupa incheierea procesului de recrutare, sunt ruga\u021bi s\u0103 contacteze&nbsp;data.protection@gaitgames.com<\/p>\n\n\n\n<p>Datele&nbsp;Dumneavoastra&nbsp;colectate&nbsp;pentru scopurile enumerate mai sus&nbsp;vor fi pastrate&nbsp;doar atat timp cat este necesar pentru a raspunde scopurilor pentru care au fost colectate respectiv&nbsp;1 (unu) an&nbsp;sau atat timp cat impune legea, ulterior urmand ca datele personale sa fie sterse ori transformate in date anonime, cu exceptia situatiei in care exista o dispozitie legala imperativa pentru a le pastra.<\/p>\n\n\n\n<ol start=\"2\" class=\"wp-block-list\">\n<li>Drepturile Dumneavoastra in calitate de persoana vizata<\/li>\n<\/ol>\n\n\n\n<p>Regulamentul nr. 679\/2016 privind protec\u021bia persoanelor fizice \u00een ceea ce prive\u0219te prelucrarea datelor cu caracter personal \u0219i privind libera circula\u021bie a acestor date (GDPR) confera mai multe drepturi persoanelor carora li se prelucreaza date personale. Pe toata durata in care datele personale sunt pastrate de catre gaitgames.com, Dumneavoastra in calitate de persoana vizata aveti urmatoarele drepturi:<\/p>\n\n\n\n<p>Dreptul de acces&nbsp;inseamna ca aveti dreptul de a obtine o confirmare din partea noastra ca prelucram sau nu datele cu caracter personal care va privesc si, in caz afirmativ, acces la datele respective si la informatii privind modalitatea in care sunt prelucrate datele.<\/p>\n\n\n\n<p>Dreptul la portabilitatea datelor&nbsp;se refera la dreptul de a primi datele personale intr-un format structurat, utilizat in mod curent si care poate fi citit automat si la dreptul ca aceste date sa fie transmise direct altui operator, daca acest lucru este fezabil din punct de vedere tehnic.<\/p>\n\n\n\n<p>Dreptul la opozitie&nbsp;vizeaza dreptul de a va opune prelucrarii datelor personale atunci cand prelucrarea este necesara pentru indeplinirea unei sarcini care serveste unui interes public sau cand are in vedere un interes legitim al operatorului. Atunci cand prelucrarea datelor cu caracter personal are drept scop marketingul direct, aveti dreptul de a va opune prelucrarii in orice moment.<\/p>\n\n\n\n<p>Dreptul la rectificare&nbsp;se refera la corectarea, fara intarzieri nejustificate, a datelor cu caracter personal inexacte. Rectificarea va fi comunicata fiecarui destinatar la care au fost transmise datele, cu exceptia cazului in care acest lucru se dovedeste imposibil sau presupune eforturi disproportionate.<\/p>\n\n\n\n<p>Dreptul la stergerea datelor&nbsp;(&#8220;dreptul de a fi uitat&#8221;) inseamna ca aveti dreptul de a solicita sa va stergem datele cu caracter personal, fara intarzieri nejustificate, in cazul in care se aplica unul dintre urmatoarele motive: acestea nu mai sunt necesare pentru indeplinirea scopurilor pentru care au fost colectate sau prelucrate; va retrageti consimtamantul si nu exista niciun alt temei juridic pentru prelucrare; va opuneti prelucrarii si nu exista motive legitime care sa prevaleze; datele cu caracter personal au fost prelucrate ilegal; datele cu caracter personal trebuie sterse pentru respectarea unei obligatii legale; datele cu caracter personal au fost colectate in legatura cu oferirea de servicii ale societatii informationale.<\/p>\n\n\n\n<p>Dreptul la restrictionarea prelucrarii&nbsp;poate fi exercitat in cazul in care persoana vizata contesta exactitatea datelor, pe o perioada care ne permite verificarea corectitudinii datelor; prelucrarea este ilegala, iar persoana se opune stergerii datelor cu caracter personal, solicitand in schimb restrictionarea; in cazul in care&nbsp;gaitgames.com&nbsp;nu mai are nevoie de datele cu caracter personal in scopul prelucrarii, dar persoana i le solicita pentru constatarea, exercitarea sau apararea unui drept in instanta; in cazul in care persoana vizata s-a opus prelucrarii pentru intervalul de timp in care se verifica daca drepturile legitime ale operatorului prevaleaza asupra celor ale persoanei respective.<\/p>\n\n\n\n<p>Toate aceste drepturi pot sa fi exercitate printr-o cerere scrisa, semnata si datata, transmisa la sediul nostru sau la adresa de email data.protection@gaitgames.com<\/p>\n\n\n\n<p>In plus, incepand cu 25 mai 2018, daca aveti nemultumiri sau intrebari legate de prelucrarea datelor personale va puteti adresa Responsabilului pentru protectia datelor la adresa&nbsp;data.protection@gaitgames.com Plangeri referitoare la prelucrarea datelor personale pot fi adresate Autoritatii Nationale de Supraveghere a Prelucrarii Datelor cu Caracter Personal.<\/p>\n\n\n\n<ol start=\"3\" class=\"wp-block-list\">\n<li>Transferul de date<\/li>\n<\/ol>\n\n\n\n<p>gaitgames.com&nbsp;nu va transfera, vinde sau oferi la schimb datele Dumneavoastra c\u0103tre terti pentru scopuri de marketing.<\/p>\n\n\n\n<ol start=\"4\" class=\"wp-block-list\">\n<li>Securitatea datelor Dumneavoastra<\/li>\n<\/ol>\n\n\n\n<p>gaitgames.com a luat masuri tehnice \u015fi organizatorice pentru asigurarea unui nivel de protectie si de securitate adecvat in cadrul operatiunilor efectuate asupra datelor cu caracter personal prin limitarea accesului neautorizat, ori impotriva pierderii sau manipularii neautorizate a datelor. In plus, in acord cu evolutia tehnologiei in materie informatica, depunem eforturi continue in scopul adaptarii masurilor de securitate.<\/p>\n\n\n\n<ol start=\"5\" class=\"wp-block-list\">\n<li>Utilizarea datelor personale<\/li>\n<\/ol>\n\n\n\n<p>Vom utiliza datele personale numai pentru scopul \u00een care au fost colectate. Vom p\u0103stra aceste informa\u021bii pentru perioada specificat\u0103 la art. 1 de mai sus. Accesul la datele personale este strict limitat personalului&nbsp;gaitgames.com.<\/p>\n\n\n\n<ol start=\"6\" class=\"wp-block-list\">\n<li>Responsabilitate<\/li>\n<\/ol>\n\n\n\n<p>gaitgames.com&nbsp;este responsabil\u0103 pentru conformitatea cu GDPR c\u00e2t \u0219i pentru principiile stabilite \u00een aceasta Politica.&nbsp;gaitgames.com&nbsp;va men\u021bine sub responsabilitatea sa un registru in care va tine o evidenta a procesarii datelor cu caracter personal si scopul pentru care au fost colectate iar acolo unde este necesar va pune informa\u021biile la dispozi\u021bia autorit\u0103\u021bilor de supraveghere. Orice \u00eentreb\u0103ri legate de aceast\u0103 politic\u0103 de confiden\u021bialitate pot fi adresate la adresa de email&nbsp;data.protection@gaitgames.com<\/p>\n\n\n\n<ol start=\"7\" class=\"wp-block-list\">\n<li>Securitatea proces\u0103rii<\/li>\n<\/ol>\n\n\n\n<p>Vom procesa datele \u00een mod sigur, vom aplica \u0219i men\u021bine m\u0103suri tehnice adecvate pentru a proteja datele personale \u00eempotriva distrugerii sau pierderii accidentale sau ilegale, alterare, divulgare sau acces neautorizat. In cazul in care se constat\u0103 posibile \u00eenc\u0103lc\u0103ri a securit\u0103\u0163ii datelor.&nbsp;gaitgames.com&nbsp;are obligatia notific\u0103rii Autoritatii Na\u0163ionale de Supraveghere a Prelucr\u0103rii Datelor cu Caracter Personal \u00een termen de 72 de ore \u0219i a persoanelor vizate \u00een cel mai scurt timp;<\/p>\n\n\n\n<ol start=\"8\" class=\"wp-block-list\">\n<li>Accesul \u0219i rectificarea sau \u0219tergerea datelor personale<\/li>\n<\/ol>\n\n\n\n<p>Utilizatorii au dreptul de a solicita \u00een orice moment pe parcursul perioadei de stocare descrisa in art. 1 din prezenta, exercitarea drepturilor de persoana vizata asa cum sunt prevazute in art. 2 din prezenta politica si de Regulamentul nr. 679\/2016 privind protec\u021bia persoanelor fizice \u00een ceea ce prive\u0219te prelucrarea datelor cu caracter personal \u0219i privind libera circula\u021bie a acestor date (GDPR) prin transmiterea unui email la&nbsp;data.protection@gaitgames.com.<\/p>\n\n\n\n<ol start=\"9\" class=\"wp-block-list\">\n<li>Pl\u00e2ngeri\/sesizari\/solicitari si termene de raspuns<\/li>\n<\/ol>\n\n\n\n<p>Utilizatorii ale caror date au fost colectate si sau procesate si pentru ale caror scopuri si-au dat consimtamantul, pe toata perioada pentru care aceste date au fost colectate, persoanele vizate \u2013 utilizatorii pot transmite plangeri \/ sesizari \/ solicitari catre&nbsp;gaitgames.com&nbsp;transmitand astfel un email la adresa&nbsp;data.protection@gaitgames.com Termenul de raspuns pentru astfel de plangeri\/sesizari\/solicitari este de 30 (treizeci) de zile de la data primirii si inregistrarii acestora.<\/p>\n\n\n\n<ol start=\"10\" class=\"wp-block-list\">\n<li>Modific\u0103ri\/completari ale acestei politici<\/li>\n<\/ol>\n\n\n\n<p>gaitgames.com&nbsp;isi rezerva dreptul de a modifica aceasta politica unilateral ori de cate ori considera ca este nevoie si sau de exemplu \u00een urma unor modific\u0103ri legislative relevante. \u00cen cazul \u00een care se fac modific\u0103ri ale prezentei Politici&nbsp;gaitgames.com&nbsp;le va face cunoscute prin intermediul website-ului&nbsp;http:\/\/www.gaitgames.com. \u00cencuraj\u0103m utilizatorii s\u0103 verifice aceast\u0103 pagin\u0103 periodic pentru a fi informa\u021bi despre ultimele nout\u0103\u021bi \u00een ceea ce prive\u0219te Politica generala de confiden\u021bialitate.<\/p>\n\n\n\n<ol start=\"11\" class=\"wp-block-list\">\n<li>Date de contact<\/li>\n<\/ol>\n\n\n\n<p>gaitgames.com, cu sediul \u00een Adresa: Bulevar Mihajla Pupina 10A &#8211; I\/12, Belgrad, Serbia,Cod postal: RS-11070, adresa de email:&nbsp;office@gaitgames.com<\/p>\n","protected":false},"excerpt":{"rendered":"<p>In baza prevederilor Regulamentului nr. 679\/2016 privind protec\u021bia persoanelor fizice \u00een ceea ce prive\u0219te prelucrarea datelor cu caracter personal \u0219i&hellip;<\/p>\n","protected":false},"author":1,"featured_media":0,"parent":0,"menu_order":0,"comment_status":"closed","ping_status":"closed","template":"","meta":{"footnotes":""},"class_list":["post-22378","page","type-page","status-publish","hentry"],"_links":{"self":[{"href":"https:\/\/gaitgames.com\/index.php?rest_route=\/wp\/v2\/pages\/22378","targetHints":{"allow":["GET"]}}],"collection":[{"href":"https:\/\/gaitgames.com\/index.php?rest_route=\/wp\/v2\/pages"}],"about":[{"href":"https:\/\/gaitgames.com\/index.php?rest_route=\/wp\/v2\/types\/page"}],"author":[{"embeddable":true,"href":"https:\/\/gaitgames.com\/index.php?rest_route=\/wp\/v2\/users\/1"}],"replies":[{"embeddable":true,"href":"https:\/\/gaitgames.com\/index.php?rest_route=%2Fwp%2Fv2%2Fcomments&post=22378"}],"version-history":[{"count":1,"href":"https:\/\/gaitgames.com\/index.php?rest_route=\/wp\/v2\/pages\/22378\/revisions"}],"predecessor-version":[{"id":22379,"href":"https:\/\/gaitgames.com\/index.php?rest_route=\/wp\/v2\/pages\/22378\/revisions\/22379"}],"wp:attachment":[{"href":"https:\/\/gaitgames.com\/index.php?rest_route=%2Fwp%2Fv2%2Fmedia&parent=22378"}],"curies":[{"name":"wp","href":"https:\/\/api.w.org\/{rel}","templated":true}]}}